{"id":29,"date":"2022-09-23T18:31:58","date_gmt":"2022-09-23T18:31:58","guid":{"rendered":"http:\/\/kombielektrik.com\/?page_id=29"},"modified":"2024-10-02T18:59:48","modified_gmt":"2024-10-02T18:59:48","slug":"elektrik","status":"publish","type":"page","link":"http:\/\/kombielektrik.com\/?page_id=29","title":{"rendered":"Elektrik"},"content":{"rendered":"\nElektrik Tesisat\n30 y\u0131ll\u0131k tecr\u00fcbesiyle birlikte ekibimiz ihtiya\u00e7lar\u0131n\u0131z do\u011frultusunda gereken t\u00fcm elektrik tesisat i\u015flerinizi g\u00fcvenli ve kaliteli bir \u015fekilde yapmaktad\u0131r.\n\n\n\n\n<p><\/p>\n","protected":false},"excerpt":{"rendered":"<p>Elektrik Tesisat 30 y\u0131ll\u0131k tecr\u00fcbesiyle birlikte ekibimiz ihtiya\u00e7lar\u0131n\u0131z do\u011frultusunda gereken t\u00fcm elektrik tesisat i\u015flerinizi g\u00fcvenli ve kaliteli bir \u015fekilde yapmaktad\u0131r.<\/p>\n","protected":false},"author":1,"featured_media":96,"parent":0,"menu_order":0,"comment_status":"closed","ping_status":"closed","template":"","meta":{"footnotes":""},"class_list":["post-29","page","type-page","status-publish","has-post-thumbnail","hentry"],"yoast_head":"<!-- This site is optimized with the Yoast SEO plugin v24.0 - https:\/\/yoast.com\/wordpress\/plugins\/seo\/ -->\n<title>Elektrik - Kombi Elektrik<\/title>\n<meta name=\"robots\" content=\"index, follow, max-snippet:-1, max-image-preview:large, max-video-preview:-1\" \/>\n<link rel=\"canonical\" href=\"http:\/\/kombielektrik.com\/?page_id=29\" \/>\n<meta property=\"og:locale\" content=\"tr_TR\" \/>\n<meta property=\"og:type\" content=\"article\" \/>\n<meta property=\"og:title\" content=\"Elektrik - Kombi Elektrik\" \/>\n<meta property=\"og:description\" content=\"Elektrik Tesisat 30 y\u0131ll\u0131k tecr\u00fcbesiyle birlikte ekibimiz ihtiya\u00e7lar\u0131n\u0131z do\u011frultusunda gereken t\u00fcm elektrik tesisat i\u015flerinizi g\u00fcvenli ve kaliteli bir \u015fekilde yapmaktad\u0131r.\" \/>\n<meta property=\"og:url\" content=\"http:\/\/kombielektrik.com\/?page_id=29\" \/>\n<meta property=\"og:site_name\" content=\"Kombi Elektrik\" \/>\n<meta property=\"article:modified_time\" content=\"2024-10-02T18:59:48+00:00\" \/>\n<meta property=\"og:image\" content=\"http:\/\/kombielektrik.com\/wp-content\/uploads\/2022\/09\/nilufer-elektrik-tesisati-tamiri-750x375-3.jpg\" \/>\n\t<meta property=\"og:image:width\" content=\"750\" \/>\n\t<meta property=\"og:image:height\" content=\"375\" \/>\n\t<meta property=\"og:image:type\" content=\"image\/jpeg\" \/>\n<meta name=\"twitter:card\" content=\"summary_large_image\" \/>\n<script type=\"application\/ld+json\" class=\"yoast-schema-graph\">{\"@context\":\"https:\/\/schema.org\",\"@graph\":[{\"@type\":\"WebPage\",\"@id\":\"http:\/\/kombielektrik.com\/?page_id=29\",\"url\":\"http:\/\/kombielektrik.com\/?page_id=29\",\"name\":\"Elektrik - Kombi Elektrik\",\"isPartOf\":{\"@id\":\"http:\/\/kombielektrik.com\/#website\"},\"primaryImageOfPage\":{\"@id\":\"http:\/\/kombielektrik.com\/?page_id=29#primaryimage\"},\"image\":{\"@id\":\"http:\/\/kombielektrik.com\/?page_id=29#primaryimage\"},\"thumbnailUrl\":\"http:\/\/kombielektrik.com\/wp-content\/uploads\/2022\/09\/nilufer-elektrik-tesisati-tamiri-750x375-3.jpg\",\"datePublished\":\"2022-09-23T18:31:58+00:00\",\"dateModified\":\"2024-10-02T18:59:48+00:00\",\"breadcrumb\":{\"@id\":\"http:\/\/kombielektrik.com\/?page_id=29#breadcrumb\"},\"inLanguage\":\"tr\",\"potentialAction\":[{\"@type\":\"ReadAction\",\"target\":[\"http:\/\/kombielektrik.com\/?page_id=29\"]}]},{\"@type\":\"ImageObject\",\"inLanguage\":\"tr\",\"@id\":\"http:\/\/kombielektrik.com\/?page_id=29#primaryimage\",\"url\":\"http:\/\/kombielektrik.com\/wp-content\/uploads\/2022\/09\/nilufer-elektrik-tesisati-tamiri-750x375-3.jpg\",\"contentUrl\":\"http:\/\/kombielektrik.com\/wp-content\/uploads\/2022\/09\/nilufer-elektrik-tesisati-tamiri-750x375-3.jpg\",\"width\":750,\"height\":375},{\"@type\":\"BreadcrumbList\",\"@id\":\"http:\/\/kombielektrik.com\/?page_id=29#breadcrumb\",\"itemListElement\":[{\"@type\":\"ListItem\",\"position\":1,\"name\":\"Anasayfa\",\"item\":\"http:\/\/kombielektrik.com\/\"},{\"@type\":\"ListItem\",\"position\":2,\"name\":\"Elektrik\"}]},{\"@type\":\"WebSite\",\"@id\":\"http:\/\/kombielektrik.com\/#website\",\"url\":\"http:\/\/kombielektrik.com\/\",\"name\":\"Kombi Elektrik\",\"description\":\"G&uuml;venli Kaliteli Hesapl\u0131\",\"publisher\":{\"@id\":\"http:\/\/kombielektrik.com\/#organization\"},\"potentialAction\":[{\"@type\":\"SearchAction\",\"target\":{\"@type\":\"EntryPoint\",\"urlTemplate\":\"http:\/\/kombielektrik.com\/?s={search_term_string}\"},\"query-input\":{\"@type\":\"PropertyValueSpecification\",\"valueRequired\":true,\"valueName\":\"search_term_string\"}}],\"inLanguage\":\"tr\"},{\"@type\":\"Organization\",\"@id\":\"http:\/\/kombielektrik.com\/#organization\",\"name\":\"Kombi Elektrik\",\"url\":\"http:\/\/kombielektrik.com\/\",\"logo\":{\"@type\":\"ImageObject\",\"inLanguage\":\"tr\",\"@id\":\"http:\/\/kombielektrik.com\/#\/schema\/logo\/image\/\",\"url\":\"http:\/\/kombielektrik.com\/wp-content\/uploads\/2024\/12\/1.png\",\"contentUrl\":\"http:\/\/kombielektrik.com\/wp-content\/uploads\/2024\/12\/1.png\",\"width\":1004,\"height\":590,\"caption\":\"Kombi Elektrik\"},\"image\":{\"@id\":\"http:\/\/kombielektrik.com\/#\/schema\/logo\/image\/\"}}]}<\/script>\n<!-- \/ Yoast SEO plugin. -->","yoast_head_json":{"title":"Elektrik - Kombi Elektrik","robots":{"index":"index","follow":"follow","max-snippet":"max-snippet:-1","max-image-preview":"max-image-preview:large","max-video-preview":"max-video-preview:-1"},"canonical":"http:\/\/kombielektrik.com\/?page_id=29","og_locale":"tr_TR","og_type":"article","og_title":"Elektrik - Kombi Elektrik","og_description":"Elektrik Tesisat 30 y\u0131ll\u0131k tecr\u00fcbesiyle birlikte ekibimiz ihtiya\u00e7lar\u0131n\u0131z do\u011frultusunda gereken t\u00fcm elektrik tesisat i\u015flerinizi g\u00fcvenli ve kaliteli bir \u015fekilde yapmaktad\u0131r.","og_url":"http:\/\/kombielektrik.com\/?page_id=29","og_site_name":"Kombi Elektrik","article_modified_time":"2024-10-02T18:59:48+00:00","og_image":[{"width":750,"height":375,"url":"http:\/\/kombielektrik.com\/wp-content\/uploads\/2022\/09\/nilufer-elektrik-tesisati-tamiri-750x375-3.jpg","type":"image\/jpeg"}],"twitter_card":"summary_large_image","schema":{"@context":"https:\/\/schema.org","@graph":[{"@type":"WebPage","@id":"http:\/\/kombielektrik.com\/?page_id=29","url":"http:\/\/kombielektrik.com\/?page_id=29","name":"Elektrik - Kombi Elektrik","isPartOf":{"@id":"http:\/\/kombielektrik.com\/#website"},"primaryImageOfPage":{"@id":"http:\/\/kombielektrik.com\/?page_id=29#primaryimage"},"image":{"@id":"http:\/\/kombielektrik.com\/?page_id=29#primaryimage"},"thumbnailUrl":"http:\/\/kombielektrik.com\/wp-content\/uploads\/2022\/09\/nilufer-elektrik-tesisati-tamiri-750x375-3.jpg","datePublished":"2022-09-23T18:31:58+00:00","dateModified":"2024-10-02T18:59:48+00:00","breadcrumb":{"@id":"http:\/\/kombielektrik.com\/?page_id=29#breadcrumb"},"inLanguage":"tr","potentialAction":[{"@type":"ReadAction","target":["http:\/\/kombielektrik.com\/?page_id=29"]}]},{"@type":"ImageObject","inLanguage":"tr","@id":"http:\/\/kombielektrik.com\/?page_id=29#primaryimage","url":"http:\/\/kombielektrik.com\/wp-content\/uploads\/2022\/09\/nilufer-elektrik-tesisati-tamiri-750x375-3.jpg","contentUrl":"http:\/\/kombielektrik.com\/wp-content\/uploads\/2022\/09\/nilufer-elektrik-tesisati-tamiri-750x375-3.jpg","width":750,"height":375},{"@type":"BreadcrumbList","@id":"http:\/\/kombielektrik.com\/?page_id=29#breadcrumb","itemListElement":[{"@type":"ListItem","position":1,"name":"Anasayfa","item":"http:\/\/kombielektrik.com\/"},{"@type":"ListItem","position":2,"name":"Elektrik"}]},{"@type":"WebSite","@id":"http:\/\/kombielektrik.com\/#website","url":"http:\/\/kombielektrik.com\/","name":"Kombi Elektrik","description":"G&uuml;venli Kaliteli Hesapl\u0131","publisher":{"@id":"http:\/\/kombielektrik.com\/#organization"},"potentialAction":[{"@type":"SearchAction","target":{"@type":"EntryPoint","urlTemplate":"http:\/\/kombielektrik.com\/?s={search_term_string}"},"query-input":{"@type":"PropertyValueSpecification","valueRequired":true,"valueName":"search_term_string"}}],"inLanguage":"tr"},{"@type":"Organization","@id":"http:\/\/kombielektrik.com\/#organization","name":"Kombi Elektrik","url":"http:\/\/kombielektrik.com\/","logo":{"@type":"ImageObject","inLanguage":"tr","@id":"http:\/\/kombielektrik.com\/#\/schema\/logo\/image\/","url":"http:\/\/kombielektrik.com\/wp-content\/uploads\/2024\/12\/1.png","contentUrl":"http:\/\/kombielektrik.com\/wp-content\/uploads\/2024\/12\/1.png","width":1004,"height":590,"caption":"Kombi Elektrik"},"image":{"@id":"http:\/\/kombielektrik.com\/#\/schema\/logo\/image\/"}}]}},"_links":{"self":[{"href":"http:\/\/kombielektrik.com\/index.php?rest_route=\/wp\/v2\/pages\/29"}],"collection":[{"href":"http:\/\/kombielektrik.com\/index.php?rest_route=\/wp\/v2\/pages"}],"about":[{"href":"http:\/\/kombielektrik.com\/index.php?rest_route=\/wp\/v2\/types\/page"}],"author":[{"embeddable":true,"href":"http:\/\/kombielektrik.com\/index.php?rest_route=\/wp\/v2\/users\/1"}],"replies":[{"embeddable":true,"href":"http:\/\/kombielektrik.com\/index.php?rest_route=%2Fwp%2Fv2%2Fcomments&post=29"}],"version-history":[{"count":8,"href":"http:\/\/kombielektrik.com\/index.php?rest_route=\/wp\/v2\/pages\/29\/revisions"}],"predecessor-version":[{"id":294,"href":"http:\/\/kombielektrik.com\/index.php?rest_route=\/wp\/v2\/pages\/29\/revisions\/294"}],"wp:featuredmedia":[{"embeddable":true,"href":"http:\/\/kombielektrik.com\/index.php?rest_route=\/wp\/v2\/media\/96"}],"wp:attachment":[{"href":"http:\/\/kombielektrik.com\/index.php?rest_route=%2Fwp%2Fv2%2Fmedia&parent=29"}],"curies":[{"name":"wp","href":"https:\/\/api.w.org\/{rel}","templated":true}]}}