{"id":35,"date":"2022-09-23T18:37:33","date_gmt":"2022-09-23T18:37:33","guid":{"rendered":"http:\/\/kombielektrik.com\/?page_id=35"},"modified":"2022-09-24T07:29:03","modified_gmt":"2022-09-24T07:29:03","slug":"kombi","status":"publish","type":"page","link":"http:\/\/kombielektrik.com\/?page_id=35","title":{"rendered":"Kombi"},"content":{"rendered":"\n\n\n\nKombi Servis, Bak\u0131m, Onar\u0131m Hizmeti\n\n\n\nKombi servis, bak\u0131m ve onar\u0131m hizmetleriniz 30 y\u0131ll\u0131k tecr\u00fcbeli ekibimiz taraf\u0131ndan g\u00fcvenli, kaliteli ve hesapl\u0131 \u015fekilde yap\u0131lmaktad\u0131r.\n\n\n\n\nHEMEN ARA\n\n\n\n\n\n\n\n\n\n\n\n\n\n\n\n\n\n\n\n\n","protected":false},"excerpt":{"rendered":"","protected":false},"author":1,"featured_media":0,"parent":0,"menu_order":0,"comment_status":"closed","ping_status":"closed","template":"","meta":{"footnotes":""},"class_list":["post-35","page","type-page","status-publish","hentry"],"yoast_head":"<!-- This site is optimized with the Yoast SEO plugin v24.0 - https:\/\/yoast.com\/wordpress\/plugins\/seo\/ -->\n<title>Kombi - Kombi Elektrik<\/title>\n<meta name=\"robots\" content=\"index, follow, max-snippet:-1, max-image-preview:large, max-video-preview:-1\" \/>\n<link rel=\"canonical\" href=\"http:\/\/kombielektrik.com\/?page_id=35\" \/>\n<meta property=\"og:locale\" content=\"tr_TR\" \/>\n<meta property=\"og:type\" content=\"article\" \/>\n<meta property=\"og:title\" content=\"Kombi - Kombi Elektrik\" \/>\n<meta property=\"og:url\" content=\"http:\/\/kombielektrik.com\/?page_id=35\" \/>\n<meta property=\"og:site_name\" content=\"Kombi Elektrik\" \/>\n<meta property=\"article:modified_time\" content=\"2022-09-24T07:29:03+00:00\" \/>\n<meta name=\"twitter:card\" content=\"summary_large_image\" \/>\n<script type=\"application\/ld+json\" class=\"yoast-schema-graph\">{\"@context\":\"https:\/\/schema.org\",\"@graph\":[{\"@type\":\"WebPage\",\"@id\":\"http:\/\/kombielektrik.com\/?page_id=35\",\"url\":\"http:\/\/kombielektrik.com\/?page_id=35\",\"name\":\"Kombi - Kombi Elektrik\",\"isPartOf\":{\"@id\":\"http:\/\/kombielektrik.com\/#website\"},\"datePublished\":\"2022-09-23T18:37:33+00:00\",\"dateModified\":\"2022-09-24T07:29:03+00:00\",\"breadcrumb\":{\"@id\":\"http:\/\/kombielektrik.com\/?page_id=35#breadcrumb\"},\"inLanguage\":\"tr\",\"potentialAction\":[{\"@type\":\"ReadAction\",\"target\":[\"http:\/\/kombielektrik.com\/?page_id=35\"]}]},{\"@type\":\"BreadcrumbList\",\"@id\":\"http:\/\/kombielektrik.com\/?page_id=35#breadcrumb\",\"itemListElement\":[{\"@type\":\"ListItem\",\"position\":1,\"name\":\"Anasayfa\",\"item\":\"http:\/\/kombielektrik.com\/\"},{\"@type\":\"ListItem\",\"position\":2,\"name\":\"Kombi\"}]},{\"@type\":\"WebSite\",\"@id\":\"http:\/\/kombielektrik.com\/#website\",\"url\":\"http:\/\/kombielektrik.com\/\",\"name\":\"Kombi Elektrik\",\"description\":\"G&uuml;venli Kaliteli Hesapl\u0131\",\"publisher\":{\"@id\":\"http:\/\/kombielektrik.com\/#organization\"},\"potentialAction\":[{\"@type\":\"SearchAction\",\"target\":{\"@type\":\"EntryPoint\",\"urlTemplate\":\"http:\/\/kombielektrik.com\/?s={search_term_string}\"},\"query-input\":{\"@type\":\"PropertyValueSpecification\",\"valueRequired\":true,\"valueName\":\"search_term_string\"}}],\"inLanguage\":\"tr\"},{\"@type\":\"Organization\",\"@id\":\"http:\/\/kombielektrik.com\/#organization\",\"name\":\"Kombi Elektrik\",\"url\":\"http:\/\/kombielektrik.com\/\",\"logo\":{\"@type\":\"ImageObject\",\"inLanguage\":\"tr\",\"@id\":\"http:\/\/kombielektrik.com\/#\/schema\/logo\/image\/\",\"url\":\"http:\/\/kombielektrik.com\/wp-content\/uploads\/2024\/12\/1.png\",\"contentUrl\":\"http:\/\/kombielektrik.com\/wp-content\/uploads\/2024\/12\/1.png\",\"width\":1004,\"height\":590,\"caption\":\"Kombi Elektrik\"},\"image\":{\"@id\":\"http:\/\/kombielektrik.com\/#\/schema\/logo\/image\/\"}}]}<\/script>\n<!-- \/ Yoast SEO plugin. -->","yoast_head_json":{"title":"Kombi - Kombi Elektrik","robots":{"index":"index","follow":"follow","max-snippet":"max-snippet:-1","max-image-preview":"max-image-preview:large","max-video-preview":"max-video-preview:-1"},"canonical":"http:\/\/kombielektrik.com\/?page_id=35","og_locale":"tr_TR","og_type":"article","og_title":"Kombi - Kombi Elektrik","og_url":"http:\/\/kombielektrik.com\/?page_id=35","og_site_name":"Kombi Elektrik","article_modified_time":"2022-09-24T07:29:03+00:00","twitter_card":"summary_large_image","schema":{"@context":"https:\/\/schema.org","@graph":[{"@type":"WebPage","@id":"http:\/\/kombielektrik.com\/?page_id=35","url":"http:\/\/kombielektrik.com\/?page_id=35","name":"Kombi - Kombi Elektrik","isPartOf":{"@id":"http:\/\/kombielektrik.com\/#website"},"datePublished":"2022-09-23T18:37:33+00:00","dateModified":"2022-09-24T07:29:03+00:00","breadcrumb":{"@id":"http:\/\/kombielektrik.com\/?page_id=35#breadcrumb"},"inLanguage":"tr","potentialAction":[{"@type":"ReadAction","target":["http:\/\/kombielektrik.com\/?page_id=35"]}]},{"@type":"BreadcrumbList","@id":"http:\/\/kombielektrik.com\/?page_id=35#breadcrumb","itemListElement":[{"@type":"ListItem","position":1,"name":"Anasayfa","item":"http:\/\/kombielektrik.com\/"},{"@type":"ListItem","position":2,"name":"Kombi"}]},{"@type":"WebSite","@id":"http:\/\/kombielektrik.com\/#website","url":"http:\/\/kombielektrik.com\/","name":"Kombi Elektrik","description":"G&uuml;venli Kaliteli Hesapl\u0131","publisher":{"@id":"http:\/\/kombielektrik.com\/#organization"},"potentialAction":[{"@type":"SearchAction","target":{"@type":"EntryPoint","urlTemplate":"http:\/\/kombielektrik.com\/?s={search_term_string}"},"query-input":{"@type":"PropertyValueSpecification","valueRequired":true,"valueName":"search_term_string"}}],"inLanguage":"tr"},{"@type":"Organization","@id":"http:\/\/kombielektrik.com\/#organization","name":"Kombi Elektrik","url":"http:\/\/kombielektrik.com\/","logo":{"@type":"ImageObject","inLanguage":"tr","@id":"http:\/\/kombielektrik.com\/#\/schema\/logo\/image\/","url":"http:\/\/kombielektrik.com\/wp-content\/uploads\/2024\/12\/1.png","contentUrl":"http:\/\/kombielektrik.com\/wp-content\/uploads\/2024\/12\/1.png","width":1004,"height":590,"caption":"Kombi Elektrik"},"image":{"@id":"http:\/\/kombielektrik.com\/#\/schema\/logo\/image\/"}}]}},"_links":{"self":[{"href":"http:\/\/kombielektrik.com\/index.php?rest_route=\/wp\/v2\/pages\/35"}],"collection":[{"href":"http:\/\/kombielektrik.com\/index.php?rest_route=\/wp\/v2\/pages"}],"about":[{"href":"http:\/\/kombielektrik.com\/index.php?rest_route=\/wp\/v2\/types\/page"}],"author":[{"embeddable":true,"href":"http:\/\/kombielektrik.com\/index.php?rest_route=\/wp\/v2\/users\/1"}],"replies":[{"embeddable":true,"href":"http:\/\/kombielektrik.com\/index.php?rest_route=%2Fwp%2Fv2%2Fcomments&post=35"}],"version-history":[{"count":5,"href":"http:\/\/kombielektrik.com\/index.php?rest_route=\/wp\/v2\/pages\/35\/revisions"}],"predecessor-version":[{"id":196,"href":"http:\/\/kombielektrik.com\/index.php?rest_route=\/wp\/v2\/pages\/35\/revisions\/196"}],"wp:attachment":[{"href":"http:\/\/kombielektrik.com\/index.php?rest_route=%2Fwp%2Fv2%2Fmedia&parent=35"}],"curies":[{"name":"wp","href":"https:\/\/api.w.org\/{rel}","templated":true}]}}